{"id":2,"date":"2026-05-05T14:26:07","date_gmt":"2026-05-05T14:26:07","guid":{"rendered":"https:\/\/adnanmoviles.rkinformatika.online\/?page_id=2"},"modified":"2026-05-07T07:10:01","modified_gmt":"2026-05-07T07:10:01","slug":"inicio","status":"publish","type":"page","link":"https:\/\/adnanmoviles.com\/eu\/","title":{"rendered":"Hasiera"},"content":{"rendered":"<div data-elementor-type=\"wp-page\" data-elementor-id=\"2\" class=\"elementor elementor-2\" data-elementor-post-type=\"page\">\n\t\t\t\t<div class=\"elementor-element elementor-element-f8ec759 e-flex e-con-boxed elementor-invisible e-con e-parent\" data-id=\"f8ec759\" data-element_type=\"container\" data-e-type=\"container\" data-settings=\"{&quot;background_background&quot;:&quot;classic&quot;,&quot;animation&quot;:&quot;fadeInDown&quot;}\">\n\t\t\t\t\t<div class=\"e-con-inner\">\n\t\t\t\t<div class=\"elementor-element elementor-element-49410c8 elementor-invisible elementor-widget elementor-widget-heading\" data-id=\"49410c8\" data-element_type=\"widget\" data-e-type=\"widget\" data-settings=\"{&quot;_animation&quot;:&quot;fadeIn&quot;}\" data-widget_type=\"heading.default\">\n\t\t\t\t\t<h2 class=\"elementor-heading-title elementor-size-default\">Mugikorrak Adnan<\/h2>\t\t\t\t<\/div>\n\t\t\t\t<div class=\"elementor-element elementor-element-39d548d elementor-widget elementor-widget-text-editor\" data-id=\"39d548d\" data-element_type=\"widget\" data-e-type=\"widget\" data-widget_type=\"text-editor.default\">\n\t\t\t\t\t\t\t\t\t<p>Mugikorrak, konponketa eta konplikaziorik gabeko osagarriak.<\/p>\t\t\t\t\t\t\t\t<\/div>\n\t\t\t\t\t<\/div>\n\t\t\t\t<\/div>\n\t\t<div class=\"elementor-element elementor-element-7b51466 e-flex e-con-boxed e-con e-parent\" data-id=\"7b51466\" data-element_type=\"container\" data-e-type=\"container\">\n\t\t\t\t\t<div class=\"e-con-inner\">\n\t\t<div class=\"elementor-element elementor-element-dff284c e-con-full e-flex e-con e-child\" data-id=\"dff284c\" data-element_type=\"container\" data-e-type=\"container\">\n\t\t\t\t<div class=\"elementor-element elementor-element-be1b8ff elementor-widget elementor-widget-heading\" data-id=\"be1b8ff\" data-element_type=\"widget\" data-e-type=\"widget\" data-widget_type=\"heading.default\">\n\t\t\t\t\t<h2 class=\"elementor-heading-title elementor-size-default\">Teknologia preziorik onenean: mugikor berriak, bigarren eskukoak eta konponketa aditua.<\/h2>\t\t\t\t<\/div>\n\t\t\t\t<\/div>\n\t\t\t\t\t<\/div>\n\t\t\t\t<\/div>\n\t\t<div class=\"elementor-element elementor-element-b8861cc e-con-full e-flex e-con e-parent\" data-id=\"b8861cc\" data-element_type=\"container\" data-e-type=\"container\">\n\t\t<div class=\"elementor-element elementor-element-54649ec e-con-full e-flex elementor-invisible e-con e-child\" data-id=\"54649ec\" data-element_type=\"container\" data-e-type=\"container\" data-settings=\"{&quot;animation&quot;:&quot;fadeInDown&quot;}\">\n\t\t\t\t<div class=\"elementor-element elementor-element-9f66d0a elementor-widget elementor-widget-image\" data-id=\"9f66d0a\" data-element_type=\"widget\" data-e-type=\"widget\" data-widget_type=\"image.default\">\n\t\t\t\t\t\t\t\t\t\t\t\t\t\t\t<img decoding=\"async\" src=\"https:\/\/adnanmoviles.com\/wp-content\/uploads\/elementor\/thumbs\/imgi_49_display-many-different-cell-phones-table-suitable-technologyrelated-articles-websites_153912-265864-rn1t3k5q27bktmrwk0j03cqd96fox7f8wd1gxkgcj4.jpg\" title=\"Mugikorrak Adnan\" alt=\"Adnan M\u00f3viles\" loading=\"lazy\" \/>\t\t\t\t\t\t\t\t\t\t\t\t\t\t\t<\/div>\n\t\t\t\t<\/div>\n\t\t<div class=\"elementor-element elementor-element-1981f90 e-con-full e-flex elementor-invisible e-con e-child\" data-id=\"1981f90\" data-element_type=\"container\" data-e-type=\"container\" data-settings=\"{&quot;animation&quot;:&quot;fadeInUp&quot;}\">\n\t\t\t\t<div class=\"elementor-element elementor-element-e551e6f elementor-widget elementor-widget-image\" data-id=\"e551e6f\" data-element_type=\"widget\" data-e-type=\"widget\" data-widget_type=\"image.default\">\n\t\t\t\t\t\t\t\t\t\t\t\t\t\t\t<img decoding=\"async\" src=\"https:\/\/adnanmoviles.com\/wp-content\/uploads\/elementor\/thumbs\/imgi_22_master-uses-driver-unscrew-screws-smartphone-electronic-plates-fix-it-closeup_926199-4019271-rn1tco7ebdsndjjecgbsrjy8knisjklkhgpxf4xy7k.jpg\" title=\"Mugikorrak Adnan\" alt=\"Adnan M\u00f3viles\" loading=\"lazy\" \/>\t\t\t\t\t\t\t\t\t\t\t\t\t\t\t<\/div>\n\t\t\t\t<\/div>\n\t\t<div class=\"elementor-element elementor-element-0534637 e-con-full e-flex e-con e-child\" data-id=\"0534637\" data-element_type=\"container\" data-e-type=\"container\">\n\t\t\t\t<div class=\"elementor-element elementor-element-15ab22e elementor-widget elementor-widget-heading\" data-id=\"15ab22e\" data-element_type=\"widget\" data-e-type=\"widget\" data-widget_type=\"heading.default\">\n\t\t\t\t\t<h2 class=\"elementor-heading-title elementor-size-default\">Guri buruz:<\/h2>\t\t\t\t<\/div>\n\t\t\t\t<div class=\"elementor-element elementor-element-7d212ac elementor-widget elementor-widget-text-editor\" data-id=\"7d212ac\" data-element_type=\"widget\" data-e-type=\"widget\" data-widget_type=\"text-editor.default\">\n\t\t\t\t\t\t\t\t\t<p data-start=\"51\" data-end=\"250\">Adnanmovilesen 5 urte baino gehiago daramatzagu mugikor berriak eta bigarren eskukoak prezio onenean eskaintzen Bilbon. Konponketa azkarrak ere egiten ditugu, eta osagarri ugari ditugu.<\/p>\t\t\t\t\t\t\t\t<\/div>\n\t\t\t\t<div class=\"elementor-element elementor-element-5575eb7 elementor-widget elementor-widget-counter\" data-id=\"5575eb7\" data-element_type=\"widget\" data-e-type=\"widget\" data-widget_type=\"counter.default\">\n\t\t\t\t\t\t\t<div class=\"elementor-counter\">\n\t\t\t<div class=\"elementor-counter-title\">Esperientzia-urteak<\/div>\t\t\t<div class=\"elementor-counter-number-wrapper\">\n\t\t\t\t<span class=\"elementor-counter-number-prefix\"><\/span>\n\t\t\t\t<span class=\"elementor-counter-number\" data-duration=\"2000\" data-to-value=\"5\" data-from-value=\"0\" data-delimiter=\",\">0<\/span>\n\t\t\t\t<span class=\"elementor-counter-number-suffix\"><\/span>\n\t\t\t<\/div>\n\t\t<\/div>\n\t\t\t\t\t\t<\/div>\n\t\t\t\t<div class=\"elementor-element elementor-element-d445f5f elementor-widget elementor-widget-text-editor\" data-id=\"d445f5f\" data-element_type=\"widget\" data-e-type=\"widget\" data-widget_type=\"text-editor.default\">\n\t\t\t\t\t\t\t\t\t<p data-start=\"51\" data-end=\"250\">Gure konpromisoa da zerbitzu hurbila, profesionala eta konfiantzazkoa eskaintzea, zure mugikorra egoera ezin hobean aurkitzen eta mantentzen laguntzeko.<\/p>\t\t\t\t\t\t\t\t<\/div>\n\t\t\t\t<\/div>\n\t\t\t\t<\/div>\n\t\t<div class=\"elementor-element elementor-element-6a1145e e-flex e-con-boxed e-con e-parent\" data-id=\"6a1145e\" data-element_type=\"container\" data-e-type=\"container\" data-settings=\"{&quot;background_background&quot;:&quot;classic&quot;}\">\n\t\t\t\t\t<div class=\"e-con-inner\">\n\t\t\t\t<div class=\"elementor-element elementor-element-39b6b7f elementor-invisible elementor-widget elementor-widget-heading\" data-id=\"39b6b7f\" data-element_type=\"widget\" data-e-type=\"widget\" data-settings=\"{&quot;_animation&quot;:&quot;fadeInLeft&quot;}\" data-widget_type=\"heading.default\">\n\t\t\t\t\t<h2 class=\"elementor-heading-title elementor-size-default\">Mugikorrak, osagarriak eta zuretzat pentsatutako zerbitzuak<\/h2>\t\t\t\t<\/div>\n\t\t\t\t<div class=\"elementor-element elementor-element-21cb88d elementor-widget elementor-widget-button\" data-id=\"21cb88d\" data-element_type=\"widget\" data-e-type=\"widget\" data-widget_type=\"button.default\">\n\t\t\t\t\t\t\t\t\t\t<a class=\"elementor-button elementor-button-link elementor-size-sm elementor-animation-grow\" href=\"\/eu\/servicios\/\">\n\t\t\t\t\t\t<span class=\"elementor-button-content-wrapper\">\n\t\t\t\t\t\t<span class=\"elementor-button-icon\">\n\t\t\t\t<svg aria-hidden=\"true\" class=\"e-font-icon-svg e-far-hand-point-right\" viewbox=\"0 0 512 512\" xmlns=\"http:\/\/www.w3.org\/2000\/svg\"><path d=\"M428.8 137.6h-86.177a115.52 115.52 0 0 0 2.176-22.4c0-47.914-35.072-83.2-92-83.2-45.314 0-57.002 48.537-75.707 78.784-7.735 12.413-16.994 23.317-25.851 33.253l-.131.146-.129.148C135.662 161.807 127.764 168 120.8 168h-2.679c-5.747-4.952-13.536-8-22.12-8H32c-17.673 0-32 12.894-32 28.8v230.4C0 435.106 14.327 448 32 448h64c8.584 0 16.373-3.048 22.12-8h2.679c28.688 0 67.137 40 127.2 40h21.299c62.542 0 98.8-38.658 99.94-91.145 12.482-17.813 18.491-40.785 15.985-62.791A93.148 93.148 0 0 0 393.152 304H428.8c45.435 0 83.2-37.584 83.2-83.2 0-45.099-38.101-83.2-83.2-83.2zm0 118.4h-91.026c12.837 14.669 14.415 42.825-4.95 61.05 11.227 19.646 1.687 45.624-12.925 53.625 6.524 39.128-10.076 61.325-50.6 61.325H248c-45.491 0-77.21-35.913-120-39.676V215.571c25.239-2.964 42.966-21.222 59.075-39.596 11.275-12.65 21.725-25.3 30.799-39.875C232.355 112.712 244.006 80 252.8 80c23.375 0 44 8.8 44 35.2 0 35.2-26.4 53.075-26.4 70.4h158.4c18.425 0 35.2 16.5 35.2 35.2 0 18.975-16.225 35.2-35.2 35.2zM88 384c0 13.255-10.745 24-24 24s-24-10.745-24-24 10.745-24 24-24 24 10.745 24 24z\"><\/path><\/svg>\t\t\t<\/span>\n\t\t\t\t\t\t\t\t\t<span class=\"elementor-button-text\">Zerbitzuak<\/span>\n\t\t\t\t\t<\/span>\n\t\t\t\t\t<\/a>\n\t\t\t\t\t\t\t\t<\/div>\n\t\t\t\t\t<\/div>\n\t\t\t\t<\/div>\n\t\t\t\t<\/div>","protected":false},"excerpt":{"rendered":"<p>Adnan M\u00f3viles M\u00f3viles, reparaci\u00f3n y accesorios sin complicaciones. Tecnolog\u00eda al mejor precio: m\u00f3viles nuevos, de segunda mano y reparaci\u00f3n experta. Sobre nosotros: En Adnanmoviles llevamos m\u00e1s de 5 a\u00f1os ofreciendo m\u00f3viles nuevos y de segunda mano al mejor precio en Bilbao. Tambi\u00e9n realizamos reparaciones r\u00e1pidas y contamos con una amplia variedad de accesorios. A\u00f1os de [&hellip;]<\/p>\n","protected":false},"author":1,"featured_media":0,"parent":0,"menu_order":0,"comment_status":"closed","ping_status":"closed","template":"elementor_canvas","meta":{"footnotes":""},"class_list":["post-2","page","type-page","status-publish","hentry"],"yoast_head":"<!-- This site is optimized with the Yoast SEO plugin v27.6 - https:\/\/yoast.com\/product\/yoast-seo-wordpress\/ -->\n<title>Inicio - Adnan Moviles<\/title>\n<meta name=\"robots\" content=\"index, follow, max-snippet:-1, max-image-preview:large, max-video-preview:-1\" \/>\n<link rel=\"canonical\" href=\"https:\/\/adnanmoviles.com\/eu\/\" \/>\n<meta property=\"og:locale\" content=\"en_US\" \/>\n<meta property=\"og:type\" content=\"article\" \/>\n<meta property=\"og:title\" content=\"Inicio - Adnan Moviles\" \/>\n<meta property=\"og:description\" content=\"Adnan M\u00f3viles M\u00f3viles, reparaci\u00f3n y accesorios sin complicaciones. Tecnolog\u00eda al mejor precio: m\u00f3viles nuevos, de segunda mano y reparaci\u00f3n experta. Sobre nosotros: En Adnanmoviles llevamos m\u00e1s de 5 a\u00f1os ofreciendo m\u00f3viles nuevos y de segunda mano al mejor precio en Bilbao. Tambi\u00e9n realizamos reparaciones r\u00e1pidas y contamos con una amplia variedad de accesorios. A\u00f1os de [&hellip;]\" \/>\n<meta property=\"og:url\" content=\"https:\/\/adnanmoviles.com\/eu\/\" \/>\n<meta property=\"og:site_name\" content=\"Adnan Moviles\" \/>\n<meta property=\"article:modified_time\" content=\"2026-05-07T07:10:01+00:00\" \/>\n<meta property=\"og:image\" content=\"https:\/\/adnanmoviles.com\/wp-content\/uploads\/elementor\/thumbs\/imgi_49_display-many-different-cell-phones-table-suitable-technologyrelated-articles-websites_153912-265864-rn1t3k5q27bktmrwk0j03cqd96fox7f8wd1gxkgcj4.jpg\" \/>\n<meta name=\"twitter:card\" content=\"summary_large_image\" \/>\n<meta name=\"twitter:label1\" content=\"Est. reading time\" \/>\n\t<meta name=\"twitter:data1\" content=\"1 minutua\" \/>\n<script type=\"application\/ld+json\" class=\"yoast-schema-graph\">{\"@context\":\"https:\\\/\\\/schema.org\",\"@graph\":[{\"@type\":\"WebPage\",\"@id\":\"https:\\\/\\\/adnanmoviles.com\\\/\",\"url\":\"https:\\\/\\\/adnanmoviles.com\\\/\",\"name\":\"Inicio - Adnan Moviles\",\"isPartOf\":{\"@id\":\"https:\\\/\\\/adnanmoviles.com\\\/#website\"},\"primaryImageOfPage\":{\"@id\":\"https:\\\/\\\/adnanmoviles.com\\\/#primaryimage\"},\"image\":{\"@id\":\"https:\\\/\\\/adnanmoviles.com\\\/#primaryimage\"},\"thumbnailUrl\":\"https:\\\/\\\/adnanmoviles.com\\\/wp-content\\\/uploads\\\/elementor\\\/thumbs\\\/imgi_49_display-many-different-cell-phones-table-suitable-technologyrelated-articles-websites_153912-265864-rn1t3k5q27bktmrwk0j03cqd96fox7f8wd1gxkgcj4.jpg\",\"datePublished\":\"2026-05-05T14:26:07+00:00\",\"dateModified\":\"2026-05-07T07:10:01+00:00\",\"breadcrumb\":{\"@id\":\"https:\\\/\\\/adnanmoviles.com\\\/#breadcrumb\"},\"inLanguage\":\"eu\",\"potentialAction\":[{\"@type\":\"ReadAction\",\"target\":[\"https:\\\/\\\/adnanmoviles.com\\\/\"]}]},{\"@type\":\"ImageObject\",\"inLanguage\":\"eu\",\"@id\":\"https:\\\/\\\/adnanmoviles.com\\\/#primaryimage\",\"url\":\"https:\\\/\\\/adnanmoviles.com\\\/wp-content\\\/uploads\\\/elementor\\\/thumbs\\\/imgi_49_display-many-different-cell-phones-table-suitable-technologyrelated-articles-websites_153912-265864-rn1t3k5q27bktmrwk0j03cqd96fox7f8wd1gxkgcj4.jpg\",\"contentUrl\":\"https:\\\/\\\/adnanmoviles.com\\\/wp-content\\\/uploads\\\/elementor\\\/thumbs\\\/imgi_49_display-many-different-cell-phones-table-suitable-technologyrelated-articles-websites_153912-265864-rn1t3k5q27bktmrwk0j03cqd96fox7f8wd1gxkgcj4.jpg\"},{\"@type\":\"BreadcrumbList\",\"@id\":\"https:\\\/\\\/adnanmoviles.com\\\/#breadcrumb\",\"itemListElement\":[{\"@type\":\"ListItem\",\"position\":1,\"name\":\"Portada\",\"item\":\"https:\\\/\\\/adnanmoviles.com\\\/\"},{\"@type\":\"ListItem\",\"position\":2,\"name\":\"Inicio\"}]},{\"@type\":\"WebSite\",\"@id\":\"https:\\\/\\\/adnanmoviles.com\\\/#website\",\"url\":\"https:\\\/\\\/adnanmoviles.com\\\/\",\"name\":\"Adnan Moviles\",\"description\":\"Venta  de m\u00f3viles segunda mano y nuevos y accesorios y reparaci\u00f3n en Bilbao, Calle Autonomia 11 \\\/ +34 643 431 272\",\"publisher\":{\"@id\":\"https:\\\/\\\/adnanmoviles.com\\\/#organization\"},\"potentialAction\":[{\"@type\":\"SearchAction\",\"target\":{\"@type\":\"EntryPoint\",\"urlTemplate\":\"https:\\\/\\\/adnanmoviles.com\\\/?s={search_term_string}\"},\"query-input\":{\"@type\":\"PropertyValueSpecification\",\"valueRequired\":true,\"valueName\":\"search_term_string\"}}],\"inLanguage\":\"eu\"},{\"@type\":\"Organization\",\"@id\":\"https:\\\/\\\/adnanmoviles.com\\\/#organization\",\"name\":\"Adnan Moviles\",\"url\":\"https:\\\/\\\/adnanmoviles.com\\\/\",\"logo\":{\"@type\":\"ImageObject\",\"inLanguage\":\"eu\",\"@id\":\"https:\\\/\\\/adnanmoviles.com\\\/#\\\/schema\\\/logo\\\/image\\\/\",\"url\":\"https:\\\/\\\/adnanmoviles.com\\\/wp-content\\\/uploads\\\/2026\\\/05\\\/adnanmoviles202604_logo_web-scaled.png\",\"contentUrl\":\"https:\\\/\\\/adnanmoviles.com\\\/wp-content\\\/uploads\\\/2026\\\/05\\\/adnanmoviles202604_logo_web-scaled.png\",\"width\":2560,\"height\":1036,\"caption\":\"Adnan Moviles\"},\"image\":{\"@id\":\"https:\\\/\\\/adnanmoviles.com\\\/#\\\/schema\\\/logo\\\/image\\\/\"}}]}<\/script>\n<!-- \/ Yoast SEO plugin. -->","yoast_head_json":{"title":"Inicio - Adnan Moviles","robots":{"index":"index","follow":"follow","max-snippet":"max-snippet:-1","max-image-preview":"max-image-preview:large","max-video-preview":"max-video-preview:-1"},"canonical":"https:\/\/adnanmoviles.com\/eu\/","og_locale":"en_US","og_type":"article","og_title":"Inicio - Adnan Moviles","og_description":"Adnan M\u00f3viles M\u00f3viles, reparaci\u00f3n y accesorios sin complicaciones. Tecnolog\u00eda al mejor precio: m\u00f3viles nuevos, de segunda mano y reparaci\u00f3n experta. Sobre nosotros: En Adnanmoviles llevamos m\u00e1s de 5 a\u00f1os ofreciendo m\u00f3viles nuevos y de segunda mano al mejor precio en Bilbao. Tambi\u00e9n realizamos reparaciones r\u00e1pidas y contamos con una amplia variedad de accesorios. A\u00f1os de [&hellip;]","og_url":"https:\/\/adnanmoviles.com\/eu\/","og_site_name":"Adnan Moviles","article_modified_time":"2026-05-07T07:10:01+00:00","og_image":[{"url":"https:\/\/adnanmoviles.com\/wp-content\/uploads\/elementor\/thumbs\/imgi_49_display-many-different-cell-phones-table-suitable-technologyrelated-articles-websites_153912-265864-rn1t3k5q27bktmrwk0j03cqd96fox7f8wd1gxkgcj4.jpg","type":"","width":"","height":""}],"twitter_card":"summary_large_image","twitter_misc":{"Est. reading time":"1 minutua"},"schema":{"@context":"https:\/\/schema.org","@graph":[{"@type":"WebPage","@id":"https:\/\/adnanmoviles.com\/","url":"https:\/\/adnanmoviles.com\/","name":"Inicio - Adnan Moviles","isPartOf":{"@id":"https:\/\/adnanmoviles.com\/#website"},"primaryImageOfPage":{"@id":"https:\/\/adnanmoviles.com\/#primaryimage"},"image":{"@id":"https:\/\/adnanmoviles.com\/#primaryimage"},"thumbnailUrl":"https:\/\/adnanmoviles.com\/wp-content\/uploads\/elementor\/thumbs\/imgi_49_display-many-different-cell-phones-table-suitable-technologyrelated-articles-websites_153912-265864-rn1t3k5q27bktmrwk0j03cqd96fox7f8wd1gxkgcj4.jpg","datePublished":"2026-05-05T14:26:07+00:00","dateModified":"2026-05-07T07:10:01+00:00","breadcrumb":{"@id":"https:\/\/adnanmoviles.com\/#breadcrumb"},"inLanguage":"eu","potentialAction":[{"@type":"ReadAction","target":["https:\/\/adnanmoviles.com\/"]}]},{"@type":"ImageObject","inLanguage":"eu","@id":"https:\/\/adnanmoviles.com\/#primaryimage","url":"https:\/\/adnanmoviles.com\/wp-content\/uploads\/elementor\/thumbs\/imgi_49_display-many-different-cell-phones-table-suitable-technologyrelated-articles-websites_153912-265864-rn1t3k5q27bktmrwk0j03cqd96fox7f8wd1gxkgcj4.jpg","contentUrl":"https:\/\/adnanmoviles.com\/wp-content\/uploads\/elementor\/thumbs\/imgi_49_display-many-different-cell-phones-table-suitable-technologyrelated-articles-websites_153912-265864-rn1t3k5q27bktmrwk0j03cqd96fox7f8wd1gxkgcj4.jpg"},{"@type":"BreadcrumbList","@id":"https:\/\/adnanmoviles.com\/#breadcrumb","itemListElement":[{"@type":"ListItem","position":1,"name":"Portada","item":"https:\/\/adnanmoviles.com\/"},{"@type":"ListItem","position":2,"name":"Inicio"}]},{"@type":"WebSite","@id":"https:\/\/adnanmoviles.com\/#website","url":"https:\/\/adnanmoviles.com\/","name":"Adnan Moviles","description":"Venta  de m\u00f3viles segunda mano y nuevos y accesorios y reparaci\u00f3n en Bilbao, Calle Autonomia 11 \/ +34 643 431 272","publisher":{"@id":"https:\/\/adnanmoviles.com\/#organization"},"potentialAction":[{"@type":"SearchAction","target":{"@type":"EntryPoint","urlTemplate":"https:\/\/adnanmoviles.com\/?s={search_term_string}"},"query-input":{"@type":"PropertyValueSpecification","valueRequired":true,"valueName":"search_term_string"}}],"inLanguage":"eu"},{"@type":"Organization","@id":"https:\/\/adnanmoviles.com\/#organization","name":"Adnan Moviles","url":"https:\/\/adnanmoviles.com\/","logo":{"@type":"ImageObject","inLanguage":"eu","@id":"https:\/\/adnanmoviles.com\/#\/schema\/logo\/image\/","url":"https:\/\/adnanmoviles.com\/wp-content\/uploads\/2026\/05\/adnanmoviles202604_logo_web-scaled.png","contentUrl":"https:\/\/adnanmoviles.com\/wp-content\/uploads\/2026\/05\/adnanmoviles202604_logo_web-scaled.png","width":2560,"height":1036,"caption":"Adnan Moviles"},"image":{"@id":"https:\/\/adnanmoviles.com\/#\/schema\/logo\/image\/"}}]}},"_links":{"self":[{"href":"https:\/\/adnanmoviles.com\/eu\/wp-json\/wp\/v2\/pages\/2","targetHints":{"allow":["GET"]}}],"collection":[{"href":"https:\/\/adnanmoviles.com\/eu\/wp-json\/wp\/v2\/pages"}],"about":[{"href":"https:\/\/adnanmoviles.com\/eu\/wp-json\/wp\/v2\/types\/page"}],"author":[{"embeddable":true,"href":"https:\/\/adnanmoviles.com\/eu\/wp-json\/wp\/v2\/users\/1"}],"replies":[{"embeddable":true,"href":"https:\/\/adnanmoviles.com\/eu\/wp-json\/wp\/v2\/comments?post=2"}],"version-history":[{"count":94,"href":"https:\/\/adnanmoviles.com\/eu\/wp-json\/wp\/v2\/pages\/2\/revisions"}],"predecessor-version":[{"id":365,"href":"https:\/\/adnanmoviles.com\/eu\/wp-json\/wp\/v2\/pages\/2\/revisions\/365"}],"wp:attachment":[{"href":"https:\/\/adnanmoviles.com\/eu\/wp-json\/wp\/v2\/media?parent=2"}],"curies":[{"name":"wp","href":"https:\/\/api.w.org\/{rel}","templated":true}]}}