{"id":7,"date":"2026-05-05T14:49:38","date_gmt":"2026-05-05T14:49:38","guid":{"rendered":"https:\/\/adnanmoviles.rkinformatika.online\/?page_id=7"},"modified":"2026-05-07T07:10:45","modified_gmt":"2026-05-07T07:10:45","slug":"servicios","status":"publish","type":"page","link":"https:\/\/adnanmoviles.com\/eu\/servicios\/","title":{"rendered":"Zerbitzuak"},"content":{"rendered":"<div data-elementor-type=\"wp-page\" data-elementor-id=\"7\" class=\"elementor elementor-7\" data-elementor-post-type=\"page\">\n\t\t\t\t<div class=\"elementor-element elementor-element-64eba4a e-flex e-con-boxed elementor-invisible e-con e-parent\" data-id=\"64eba4a\" data-element_type=\"container\" data-e-type=\"container\" data-settings=\"{&quot;background_background&quot;:&quot;classic&quot;,&quot;animation&quot;:&quot;fadeInDown&quot;}\">\n\t\t\t\t\t<div class=\"e-con-inner\">\n\t\t\t\t<div class=\"elementor-element elementor-element-9fd863d elementor-widget elementor-widget-text-editor\" data-id=\"9fd863d\" data-element_type=\"widget\" data-e-type=\"widget\" data-widget_type=\"text-editor.default\">\n\t\t\t\t\t\t\t\t\t<p>Todo para tu m\u00f3vil<\/p>\t\t\t\t\t\t\t\t<\/div>\n\t\t\t\t\t<\/div>\n\t\t\t\t<\/div>\n\t\t<div class=\"elementor-element elementor-element-5037dc7 e-flex e-con-boxed e-con e-parent\" data-id=\"5037dc7\" data-element_type=\"container\" data-e-type=\"container\">\n\t\t\t\t\t<div class=\"e-con-inner\">\n\t\t<div class=\"elementor-element elementor-element-59b5d39 e-con-full e-flex e-con e-child\" data-id=\"59b5d39\" data-element_type=\"container\" data-e-type=\"container\">\n\t\t\t\t<div class=\"elementor-element elementor-element-44e64ee elementor-widget elementor-widget-heading\" data-id=\"44e64ee\" data-element_type=\"widget\" data-e-type=\"widget\" data-widget_type=\"heading.default\">\n\t\t\t\t\t<h2 class=\"elementor-heading-title elementor-size-default\">M\u00e1s que m\u00f3viles, soluciones<\/h2>\t\t\t\t<\/div>\n\t\t\t\t<\/div>\n\t\t\t\t\t<\/div>\n\t\t\t\t<\/div>\n\t\t<div class=\"elementor-element elementor-element-a7c8d39 e-flex e-con-boxed e-con e-parent\" data-id=\"a7c8d39\" data-element_type=\"container\" data-e-type=\"container\" data-settings=\"{&quot;animation&quot;:&quot;none&quot;}\">\n\t\t\t\t\t<div class=\"e-con-inner\">\n\t\t<div class=\"elementor-element elementor-element-9ccc5a4 e-con-full e-flex e-con e-child\" data-id=\"9ccc5a4\" data-element_type=\"container\" data-e-type=\"container\">\n\t\t<div class=\"elementor-element elementor-element-82815aa e-con-full e-flex e-con e-child\" data-id=\"82815aa\" data-element_type=\"container\" data-e-type=\"container\">\n\t\t<div class=\"elementor-element elementor-element-764b4c7 e-con-full e-flex e-con e-child\" data-id=\"764b4c7\" data-element_type=\"container\" data-e-type=\"container\">\n\t\t\t\t<div class=\"elementor-element elementor-element-f4c7c8b elementor-widget elementor-widget-image\" data-id=\"f4c7c8b\" data-element_type=\"widget\" data-e-type=\"widget\" data-widget_type=\"image.default\">\n\t\t\t\t\t\t\t\t\t\t\t\t\t\t\t<img decoding=\"async\" src=\"https:\/\/adnanmoviles.com\/wp-content\/uploads\/elementor\/thumbs\/imgi_37_phone-that-is-display-display-case_862462-29701-rn1wpwg1r5ptturis7fos8zdwz3lqgwxmipoky53mo.jpg\" title=\"Mugikorrak Adnan\" alt=\"Adnan M\u00f3viles\" loading=\"lazy\" \/>\t\t\t\t\t\t\t\t\t\t\t\t\t\t\t<\/div>\n\t\t\t\t<\/div>\n\t\t<div class=\"elementor-element elementor-element-a1891cc e-con-full e-flex e-con e-child\" data-id=\"a1891cc\" data-element_type=\"container\" data-e-type=\"container\">\n\t\t\t\t<div class=\"elementor-element elementor-element-f1699ed elementor-view-default elementor-position-block-start elementor-mobile-position-block-start elementor-invisible elementor-widget elementor-widget-icon-box\" data-id=\"f1699ed\" data-element_type=\"widget\" data-e-type=\"widget\" data-settings=\"{&quot;_animation&quot;:&quot;fadeInLeft&quot;}\" data-widget_type=\"icon-box.default\">\n\t\t\t\t\t\t\t<div class=\"elementor-icon-box-wrapper\">\n\n\t\t\t\t\t\t<div class=\"elementor-icon-box-icon\">\n\t\t\t\t<span  class=\"elementor-icon\">\n\t\t\t\t<svg aria-hidden=\"true\" class=\"e-font-icon-svg e-fas-tablet-alt\" viewbox=\"0 0 448 512\" xmlns=\"http:\/\/www.w3.org\/2000\/svg\"><path d=\"M400 0H48C21.5 0 0 21.5 0 48v416c0 26.5 21.5 48 48 48h352c26.5 0 48-21.5 48-48V48c0-26.5-21.5-48-48-48zM224 480c-17.7 0-32-14.3-32-32s14.3-32 32-32 32 14.3 32 32-14.3 32-32 32zm176-108c0 6.6-5.4 12-12 12H60c-6.6 0-12-5.4-12-12V60c0-6.6 5.4-12 12-12h328c6.6 0 12 5.4 12 12v312z\"><\/path><\/svg>\t\t\t\t<\/span>\n\t\t\t<\/div>\n\t\t\t\n\t\t\t\t\t\t<div class=\"elementor-icon-box-content\">\n\n\t\t\t\t\t\t\t\t\t<h3 class=\"elementor-icon-box-title\">\n\t\t\t\t\t\t<span  >\n\t\t\t\t\t\t\tVenta de m\u00f3viles\t\t\t\t\t\t<\/span>\n\t\t\t\t\t<\/h3>\n\t\t\t\t\n\t\t\t\t\t\t\t\t\t<p class=\"elementor-icon-box-description\">\n\t\t\t\t\t\tEncuentra m\u00f3viles nuevos y de segunda mano revisados, con garant\u00eda y al mejor precio.\t\t\t\t\t<\/p>\n\t\t\t\t\n\t\t\t<\/div>\n\t\t\t\n\t\t<\/div>\n\t\t\t\t\t\t<\/div>\n\t\t\t\t<\/div>\n\t\t\t\t<\/div>\n\t\t<div class=\"elementor-element elementor-element-89cf397 e-con-full e-flex e-con e-child\" data-id=\"89cf397\" data-element_type=\"container\" data-e-type=\"container\">\n\t\t<div class=\"elementor-element elementor-element-77d61c2 e-con-full e-flex e-con e-child\" data-id=\"77d61c2\" data-element_type=\"container\" data-e-type=\"container\">\n\t\t\t\t<div class=\"elementor-element elementor-element-9e05549 elementor-widget elementor-widget-image\" data-id=\"9e05549\" data-element_type=\"widget\" data-e-type=\"widget\" data-widget_type=\"image.default\">\n\t\t\t\t\t\t\t\t\t\t\t\t\t\t\t<img decoding=\"async\" src=\"https:\/\/adnanmoviles.com\/wp-content\/uploads\/elementor\/thumbs\/imgi_52_colorful-arrangement-various-mobile-phones_1268849-26202-rn1wwaqi9kh2ubh0fgza94vbgdkj4bb666jn5qnna8.jpg\" title=\"Mugikorrak Adnan\" alt=\"Adnan M\u00f3viles\" loading=\"lazy\" \/>\t\t\t\t\t\t\t\t\t\t\t\t\t\t\t<\/div>\n\t\t\t\t<\/div>\n\t\t<div class=\"elementor-element elementor-element-4370935 e-con-full e-flex e-con e-child\" data-id=\"4370935\" data-element_type=\"container\" data-e-type=\"container\">\n\t\t\t\t<div class=\"elementor-element elementor-element-89d48e3 elementor-view-default elementor-position-block-start elementor-mobile-position-block-start elementor-invisible elementor-widget elementor-widget-icon-box\" data-id=\"89d48e3\" data-element_type=\"widget\" data-e-type=\"widget\" data-settings=\"{&quot;_animation&quot;:&quot;fadeInDown&quot;}\" data-widget_type=\"icon-box.default\">\n\t\t\t\t\t\t\t<div class=\"elementor-icon-box-wrapper\">\n\n\t\t\t\t\t\t<div class=\"elementor-icon-box-icon\">\n\t\t\t\t<span  class=\"elementor-icon\">\n\t\t\t\t<svg aria-hidden=\"true\" class=\"e-font-icon-svg e-fab-bluetooth-b\" viewbox=\"0 0 320 512\" xmlns=\"http:\/\/www.w3.org\/2000\/svg\"><path d=\"M196.48 260.023l92.626-103.333L143.125 0v206.33l-86.111-86.111-31.406 31.405 108.061 108.399L25.608 368.422l31.406 31.405 86.111-86.111L145.84 512l148.552-148.644-97.912-103.333zm40.86-102.996l-49.977 49.978-.338-100.295 50.315 50.317zM187.363 313.04l49.977 49.978-50.315 50.316.338-100.294z\"><\/path><\/svg>\t\t\t\t<\/span>\n\t\t\t<\/div>\n\t\t\t\n\t\t\t\t\t\t<div class=\"elementor-icon-box-content\">\n\n\t\t\t\t\t\t\t\t\t<h3 class=\"elementor-icon-box-title\">\n\t\t\t\t\t\t<span  >\n\t\t\t\t\t\t\tAccesorios\t\t\t\t\t\t<\/span>\n\t\t\t\t\t<\/h3>\n\t\t\t\t\n\t\t\t\t\t\t\t\t\t<p class=\"elementor-icon-box-description\">\n\t\t\t\t\t\tTodo lo que necesitas para tu m\u00f3vil: fundas, cargadores, protectores y mucho m\u00e1s.\t\t\t\t\t<\/p>\n\t\t\t\t\n\t\t\t<\/div>\n\t\t\t\n\t\t<\/div>\n\t\t\t\t\t\t<\/div>\n\t\t\t\t<\/div>\n\t\t\t\t<\/div>\n\t\t<div class=\"elementor-element elementor-element-44623c0 e-con-full e-flex e-con e-child\" data-id=\"44623c0\" data-element_type=\"container\" data-e-type=\"container\">\n\t\t<div class=\"elementor-element elementor-element-6a66a93 e-con-full e-flex e-con e-child\" data-id=\"6a66a93\" data-element_type=\"container\" data-e-type=\"container\">\n\t\t\t\t<div class=\"elementor-element elementor-element-c6797d4 elementor-widget elementor-widget-image\" data-id=\"c6797d4\" data-element_type=\"widget\" data-e-type=\"widget\" data-widget_type=\"image.default\">\n\t\t\t\t\t\t\t\t\t\t\t\t\t\t\t<img decoding=\"async\" src=\"https:\/\/adnanmoviles.com\/wp-content\/uploads\/elementor\/thumbs\/imgi_27_closeup-image-technician-repairing-mobile-phone-with-precision-tools-open-phone-compone_1181564-5625-rn1wyimsehig968ygxikn2phy4mqal4ct5zwy9d6lc.jpg\" title=\"Mugikorrak Adnan\" alt=\"Adnan M\u00f3viles\" loading=\"lazy\" \/>\t\t\t\t\t\t\t\t\t\t\t\t\t\t\t<\/div>\n\t\t\t\t<\/div>\n\t\t<div class=\"elementor-element elementor-element-d24a570 e-con-full e-flex e-con e-child\" data-id=\"d24a570\" data-element_type=\"container\" data-e-type=\"container\">\n\t\t\t\t<div class=\"elementor-element elementor-element-3e57226 elementor-view-default elementor-position-block-start elementor-mobile-position-block-start elementor-invisible elementor-widget elementor-widget-icon-box\" data-id=\"3e57226\" data-element_type=\"widget\" data-e-type=\"widget\" data-settings=\"{&quot;_animation&quot;:&quot;fadeInRight&quot;}\" data-widget_type=\"icon-box.default\">\n\t\t\t\t\t\t\t<div class=\"elementor-icon-box-wrapper\">\n\n\t\t\t\t\t\t<div class=\"elementor-icon-box-icon\">\n\t\t\t\t<span  class=\"elementor-icon\">\n\t\t\t\t<svg aria-hidden=\"true\" class=\"e-font-icon-svg e-fas-wrench\" viewbox=\"0 0 512 512\" xmlns=\"http:\/\/www.w3.org\/2000\/svg\"><path d=\"M507.73 109.1c-2.24-9.03-13.54-12.09-20.12-5.51l-74.36 74.36-67.88-11.31-11.31-67.88 74.36-74.36c6.62-6.62 3.43-17.9-5.66-20.16-47.38-11.74-99.55.91-136.58 37.93-39.64 39.64-50.55 97.1-34.05 147.2L18.74 402.76c-24.99 24.99-24.99 65.51 0 90.5 24.99 24.99 65.51 24.99 90.5 0l213.21-213.21c50.12 16.71 107.47 5.68 147.37-34.22 37.07-37.07 49.7-89.32 37.91-136.73zM64 472c-13.25 0-24-10.75-24-24 0-13.26 10.75-24 24-24s24 10.74 24 24c0 13.25-10.75 24-24 24z\"><\/path><\/svg>\t\t\t\t<\/span>\n\t\t\t<\/div>\n\t\t\t\n\t\t\t\t\t\t<div class=\"elementor-icon-box-content\">\n\n\t\t\t\t\t\t\t\t\t<h3 class=\"elementor-icon-box-title\">\n\t\t\t\t\t\t<span  >\n\t\t\t\t\t\t\tReparaci\u00f3n de m\u00f3viles\t\t\t\t\t\t<\/span>\n\t\t\t\t\t<\/h3>\n\t\t\t\t\n\t\t\t\t\t\t\t\t\t<p class=\"elementor-icon-box-description\">\n\t\t\t\t\t\tReparamos tu dispositivo de forma r\u00e1pida y profesional para que vuelva a funcionar como nuevo.\t\t\t\t\t<\/p>\n\t\t\t\t\n\t\t\t<\/div>\n\t\t\t\n\t\t<\/div>\n\t\t\t\t\t\t<\/div>\n\t\t\t\t<\/div>\n\t\t\t\t<\/div>\n\t\t\t\t<\/div>\n\t\t\t\t\t<\/div>\n\t\t\t\t<\/div>\n\t\t<div class=\"elementor-element elementor-element-d23b061 e-flex e-con-boxed e-con e-parent\" data-id=\"d23b061\" data-element_type=\"container\" data-e-type=\"container\" data-settings=\"{&quot;background_background&quot;:&quot;classic&quot;}\">\n\t\t\t\t\t<div class=\"e-con-inner\">\n\t\t\t\t<div class=\"elementor-element elementor-element-810cd74 elementor-invisible elementor-widget elementor-widget-heading\" data-id=\"810cd74\" data-element_type=\"widget\" data-e-type=\"widget\" data-settings=\"{&quot;_animation&quot;:&quot;fadeInLeft&quot;}\" data-widget_type=\"heading.default\">\n\t\t\t\t\t<h2 class=\"elementor-heading-title elementor-size-default\">\u00bfTe gusta lo que ves? Cont\u00e1ctanos<\/h2>\t\t\t\t<\/div>\n\t\t\t\t<div class=\"elementor-element elementor-element-4435c6d elementor-widget elementor-widget-button\" data-id=\"4435c6d\" data-element_type=\"widget\" data-e-type=\"widget\" data-widget_type=\"button.default\">\n\t\t\t\t\t\t\t\t\t\t<a class=\"elementor-button elementor-button-link elementor-size-sm elementor-animation-grow\" href=\"\/eu\/contacto\/\">\n\t\t\t\t\t\t<span class=\"elementor-button-content-wrapper\">\n\t\t\t\t\t\t<span class=\"elementor-button-icon\">\n\t\t\t\t<svg aria-hidden=\"true\" class=\"e-font-icon-svg e-fas-comment-dots\" viewbox=\"0 0 512 512\" xmlns=\"http:\/\/www.w3.org\/2000\/svg\"><path d=\"M256 32C114.6 32 0 125.1 0 240c0 49.6 21.4 95 57 130.7C44.5 421.1 2.7 466 2.2 466.5c-2.2 2.3-2.8 5.7-1.5 8.7S4.8 480 8 480c66.3 0 116-31.8 140.6-51.4 32.7 12.3 69 19.4 107.4 19.4 141.4 0 256-93.1 256-208S397.4 32 256 32zM128 272c-17.7 0-32-14.3-32-32s14.3-32 32-32 32 14.3 32 32-14.3 32-32 32zm128 0c-17.7 0-32-14.3-32-32s14.3-32 32-32 32 14.3 32 32-14.3 32-32 32zm128 0c-17.7 0-32-14.3-32-32s14.3-32 32-32 32 14.3 32 32-14.3 32-32 32z\"><\/path><\/svg>\t\t\t<\/span>\n\t\t\t\t\t\t\t\t\t<span class=\"elementor-button-text\">Kontaktua<\/span>\n\t\t\t\t\t<\/span>\n\t\t\t\t\t<\/a>\n\t\t\t\t\t\t\t\t<\/div>\n\t\t\t\t\t<\/div>\n\t\t\t\t<\/div>\n\t\t\t\t<\/div>","protected":false},"excerpt":{"rendered":"<p>Todo para tu m\u00f3vil M\u00e1s que m\u00f3viles, soluciones Venta de m\u00f3viles Encuentra m\u00f3viles nuevos y de segunda mano revisados, con garant\u00eda y al mejor precio. Accesorios Todo lo que necesitas para tu m\u00f3vil: fundas, cargadores, protectores y mucho m\u00e1s. Reparaci\u00f3n de m\u00f3viles Reparamos tu dispositivo de forma r\u00e1pida y profesional para que vuelva a funcionar [&hellip;]<\/p>\n","protected":false},"author":1,"featured_media":0,"parent":0,"menu_order":0,"comment_status":"closed","ping_status":"closed","template":"elementor_canvas","meta":{"footnotes":""},"class_list":["post-7","page","type-page","status-publish","hentry"],"yoast_head":"<!-- This site is optimized with the Yoast SEO plugin v27.6 - https:\/\/yoast.com\/product\/yoast-seo-wordpress\/ -->\n<title>Servicios - Adnan Moviles<\/title>\n<meta name=\"robots\" content=\"index, follow, max-snippet:-1, max-image-preview:large, max-video-preview:-1\" \/>\n<link rel=\"canonical\" href=\"https:\/\/adnanmoviles.com\/eu\/servicios\/\" \/>\n<meta property=\"og:locale\" content=\"en_US\" \/>\n<meta property=\"og:type\" content=\"article\" \/>\n<meta property=\"og:title\" content=\"Servicios - Adnan Moviles\" \/>\n<meta property=\"og:description\" content=\"Todo para tu m\u00f3vil M\u00e1s que m\u00f3viles, soluciones Venta de m\u00f3viles Encuentra m\u00f3viles nuevos y de segunda mano revisados, con garant\u00eda y al mejor precio. Accesorios Todo lo que necesitas para tu m\u00f3vil: fundas, cargadores, protectores y mucho m\u00e1s. Reparaci\u00f3n de m\u00f3viles Reparamos tu dispositivo de forma r\u00e1pida y profesional para que vuelva a funcionar [&hellip;]\" \/>\n<meta property=\"og:url\" content=\"https:\/\/adnanmoviles.com\/eu\/servicios\/\" \/>\n<meta property=\"og:site_name\" content=\"Adnan Moviles\" \/>\n<meta property=\"article:modified_time\" content=\"2026-05-07T07:10:45+00:00\" \/>\n<meta property=\"og:image\" content=\"https:\/\/adnanmoviles.com\/wp-content\/uploads\/elementor\/thumbs\/imgi_37_phone-that-is-display-display-case_862462-29701-rn1wpwg1r5ptturis7fos8zdwz3lqgwxmipoky53mo.jpg\" \/>\n<meta name=\"twitter:card\" content=\"summary_large_image\" \/>\n<meta name=\"twitter:label1\" content=\"Est. reading time\" \/>\n\t<meta name=\"twitter:data1\" content=\"1 minutua\" \/>\n<script type=\"application\/ld+json\" class=\"yoast-schema-graph\">{\"@context\":\"https:\\\/\\\/schema.org\",\"@graph\":[{\"@type\":\"WebPage\",\"@id\":\"https:\\\/\\\/adnanmoviles.com\\\/servicios\\\/\",\"url\":\"https:\\\/\\\/adnanmoviles.com\\\/servicios\\\/\",\"name\":\"Servicios - Adnan Moviles\",\"isPartOf\":{\"@id\":\"https:\\\/\\\/adnanmoviles.com\\\/#website\"},\"primaryImageOfPage\":{\"@id\":\"https:\\\/\\\/adnanmoviles.com\\\/servicios\\\/#primaryimage\"},\"image\":{\"@id\":\"https:\\\/\\\/adnanmoviles.com\\\/servicios\\\/#primaryimage\"},\"thumbnailUrl\":\"https:\\\/\\\/adnanmoviles.com\\\/wp-content\\\/uploads\\\/elementor\\\/thumbs\\\/imgi_37_phone-that-is-display-display-case_862462-29701-rn1wpwg1r5ptturis7fos8zdwz3lqgwxmipoky53mo.jpg\",\"datePublished\":\"2026-05-05T14:49:38+00:00\",\"dateModified\":\"2026-05-07T07:10:45+00:00\",\"breadcrumb\":{\"@id\":\"https:\\\/\\\/adnanmoviles.com\\\/servicios\\\/#breadcrumb\"},\"inLanguage\":\"eu\",\"potentialAction\":[{\"@type\":\"ReadAction\",\"target\":[\"https:\\\/\\\/adnanmoviles.com\\\/servicios\\\/\"]}]},{\"@type\":\"ImageObject\",\"inLanguage\":\"eu\",\"@id\":\"https:\\\/\\\/adnanmoviles.com\\\/servicios\\\/#primaryimage\",\"url\":\"https:\\\/\\\/adnanmoviles.com\\\/wp-content\\\/uploads\\\/elementor\\\/thumbs\\\/imgi_37_phone-that-is-display-display-case_862462-29701-rn1wpwg1r5ptturis7fos8zdwz3lqgwxmipoky53mo.jpg\",\"contentUrl\":\"https:\\\/\\\/adnanmoviles.com\\\/wp-content\\\/uploads\\\/elementor\\\/thumbs\\\/imgi_37_phone-that-is-display-display-case_862462-29701-rn1wpwg1r5ptturis7fos8zdwz3lqgwxmipoky53mo.jpg\"},{\"@type\":\"BreadcrumbList\",\"@id\":\"https:\\\/\\\/adnanmoviles.com\\\/servicios\\\/#breadcrumb\",\"itemListElement\":[{\"@type\":\"ListItem\",\"position\":1,\"name\":\"Portada\",\"item\":\"https:\\\/\\\/adnanmoviles.com\\\/\"},{\"@type\":\"ListItem\",\"position\":2,\"name\":\"Servicios\"}]},{\"@type\":\"WebSite\",\"@id\":\"https:\\\/\\\/adnanmoviles.com\\\/#website\",\"url\":\"https:\\\/\\\/adnanmoviles.com\\\/\",\"name\":\"Adnan Moviles\",\"description\":\"Venta  de m\u00f3viles segunda mano y nuevos y accesorios y reparaci\u00f3n en Bilbao, Calle Autonomia 11 \\\/ +34 643 431 272\",\"publisher\":{\"@id\":\"https:\\\/\\\/adnanmoviles.com\\\/#organization\"},\"potentialAction\":[{\"@type\":\"SearchAction\",\"target\":{\"@type\":\"EntryPoint\",\"urlTemplate\":\"https:\\\/\\\/adnanmoviles.com\\\/?s={search_term_string}\"},\"query-input\":{\"@type\":\"PropertyValueSpecification\",\"valueRequired\":true,\"valueName\":\"search_term_string\"}}],\"inLanguage\":\"eu\"},{\"@type\":\"Organization\",\"@id\":\"https:\\\/\\\/adnanmoviles.com\\\/#organization\",\"name\":\"Adnan Moviles\",\"url\":\"https:\\\/\\\/adnanmoviles.com\\\/\",\"logo\":{\"@type\":\"ImageObject\",\"inLanguage\":\"eu\",\"@id\":\"https:\\\/\\\/adnanmoviles.com\\\/#\\\/schema\\\/logo\\\/image\\\/\",\"url\":\"https:\\\/\\\/adnanmoviles.com\\\/wp-content\\\/uploads\\\/2026\\\/05\\\/adnanmoviles202604_logo_web-scaled.png\",\"contentUrl\":\"https:\\\/\\\/adnanmoviles.com\\\/wp-content\\\/uploads\\\/2026\\\/05\\\/adnanmoviles202604_logo_web-scaled.png\",\"width\":2560,\"height\":1036,\"caption\":\"Adnan Moviles\"},\"image\":{\"@id\":\"https:\\\/\\\/adnanmoviles.com\\\/#\\\/schema\\\/logo\\\/image\\\/\"}}]}<\/script>\n<!-- \/ Yoast SEO plugin. -->","yoast_head_json":{"title":"Servicios - Adnan Moviles","robots":{"index":"index","follow":"follow","max-snippet":"max-snippet:-1","max-image-preview":"max-image-preview:large","max-video-preview":"max-video-preview:-1"},"canonical":"https:\/\/adnanmoviles.com\/eu\/servicios\/","og_locale":"en_US","og_type":"article","og_title":"Servicios - Adnan Moviles","og_description":"Todo para tu m\u00f3vil M\u00e1s que m\u00f3viles, soluciones Venta de m\u00f3viles Encuentra m\u00f3viles nuevos y de segunda mano revisados, con garant\u00eda y al mejor precio. Accesorios Todo lo que necesitas para tu m\u00f3vil: fundas, cargadores, protectores y mucho m\u00e1s. Reparaci\u00f3n de m\u00f3viles Reparamos tu dispositivo de forma r\u00e1pida y profesional para que vuelva a funcionar [&hellip;]","og_url":"https:\/\/adnanmoviles.com\/eu\/servicios\/","og_site_name":"Adnan Moviles","article_modified_time":"2026-05-07T07:10:45+00:00","og_image":[{"url":"https:\/\/adnanmoviles.com\/wp-content\/uploads\/elementor\/thumbs\/imgi_37_phone-that-is-display-display-case_862462-29701-rn1wpwg1r5ptturis7fos8zdwz3lqgwxmipoky53mo.jpg","type":"","width":"","height":""}],"twitter_card":"summary_large_image","twitter_misc":{"Est. reading time":"1 minutua"},"schema":{"@context":"https:\/\/schema.org","@graph":[{"@type":"WebPage","@id":"https:\/\/adnanmoviles.com\/servicios\/","url":"https:\/\/adnanmoviles.com\/servicios\/","name":"Servicios - Adnan Moviles","isPartOf":{"@id":"https:\/\/adnanmoviles.com\/#website"},"primaryImageOfPage":{"@id":"https:\/\/adnanmoviles.com\/servicios\/#primaryimage"},"image":{"@id":"https:\/\/adnanmoviles.com\/servicios\/#primaryimage"},"thumbnailUrl":"https:\/\/adnanmoviles.com\/wp-content\/uploads\/elementor\/thumbs\/imgi_37_phone-that-is-display-display-case_862462-29701-rn1wpwg1r5ptturis7fos8zdwz3lqgwxmipoky53mo.jpg","datePublished":"2026-05-05T14:49:38+00:00","dateModified":"2026-05-07T07:10:45+00:00","breadcrumb":{"@id":"https:\/\/adnanmoviles.com\/servicios\/#breadcrumb"},"inLanguage":"eu","potentialAction":[{"@type":"ReadAction","target":["https:\/\/adnanmoviles.com\/servicios\/"]}]},{"@type":"ImageObject","inLanguage":"eu","@id":"https:\/\/adnanmoviles.com\/servicios\/#primaryimage","url":"https:\/\/adnanmoviles.com\/wp-content\/uploads\/elementor\/thumbs\/imgi_37_phone-that-is-display-display-case_862462-29701-rn1wpwg1r5ptturis7fos8zdwz3lqgwxmipoky53mo.jpg","contentUrl":"https:\/\/adnanmoviles.com\/wp-content\/uploads\/elementor\/thumbs\/imgi_37_phone-that-is-display-display-case_862462-29701-rn1wpwg1r5ptturis7fos8zdwz3lqgwxmipoky53mo.jpg"},{"@type":"BreadcrumbList","@id":"https:\/\/adnanmoviles.com\/servicios\/#breadcrumb","itemListElement":[{"@type":"ListItem","position":1,"name":"Portada","item":"https:\/\/adnanmoviles.com\/"},{"@type":"ListItem","position":2,"name":"Servicios"}]},{"@type":"WebSite","@id":"https:\/\/adnanmoviles.com\/#website","url":"https:\/\/adnanmoviles.com\/","name":"Adnan Moviles","description":"Venta  de m\u00f3viles segunda mano y nuevos y accesorios y reparaci\u00f3n en Bilbao, Calle Autonomia 11 \/ +34 643 431 272","publisher":{"@id":"https:\/\/adnanmoviles.com\/#organization"},"potentialAction":[{"@type":"SearchAction","target":{"@type":"EntryPoint","urlTemplate":"https:\/\/adnanmoviles.com\/?s={search_term_string}"},"query-input":{"@type":"PropertyValueSpecification","valueRequired":true,"valueName":"search_term_string"}}],"inLanguage":"eu"},{"@type":"Organization","@id":"https:\/\/adnanmoviles.com\/#organization","name":"Adnan Moviles","url":"https:\/\/adnanmoviles.com\/","logo":{"@type":"ImageObject","inLanguage":"eu","@id":"https:\/\/adnanmoviles.com\/#\/schema\/logo\/image\/","url":"https:\/\/adnanmoviles.com\/wp-content\/uploads\/2026\/05\/adnanmoviles202604_logo_web-scaled.png","contentUrl":"https:\/\/adnanmoviles.com\/wp-content\/uploads\/2026\/05\/adnanmoviles202604_logo_web-scaled.png","width":2560,"height":1036,"caption":"Adnan Moviles"},"image":{"@id":"https:\/\/adnanmoviles.com\/#\/schema\/logo\/image\/"}}]}},"_links":{"self":[{"href":"https:\/\/adnanmoviles.com\/eu\/wp-json\/wp\/v2\/pages\/7","targetHints":{"allow":["GET"]}}],"collection":[{"href":"https:\/\/adnanmoviles.com\/eu\/wp-json\/wp\/v2\/pages"}],"about":[{"href":"https:\/\/adnanmoviles.com\/eu\/wp-json\/wp\/v2\/types\/page"}],"author":[{"embeddable":true,"href":"https:\/\/adnanmoviles.com\/eu\/wp-json\/wp\/v2\/users\/1"}],"replies":[{"embeddable":true,"href":"https:\/\/adnanmoviles.com\/eu\/wp-json\/wp\/v2\/comments?post=7"}],"version-history":[{"count":70,"href":"https:\/\/adnanmoviles.com\/eu\/wp-json\/wp\/v2\/pages\/7\/revisions"}],"predecessor-version":[{"id":368,"href":"https:\/\/adnanmoviles.com\/eu\/wp-json\/wp\/v2\/pages\/7\/revisions\/368"}],"wp:attachment":[{"href":"https:\/\/adnanmoviles.com\/eu\/wp-json\/wp\/v2\/media?parent=7"}],"curies":[{"name":"wp","href":"https:\/\/api.w.org\/{rel}","templated":true}]}}